{"id":430,"date":"2025-05-01T19:09:24","date_gmt":"2025-05-01T17:09:24","guid":{"rendered":"https:\/\/www.metacheckengineering.com\/?page_id=430"},"modified":"2025-05-02T00:20:29","modified_gmt":"2025-05-01T22:20:29","slug":"mes-services-qa-personnalises","status":"publish","type":"page","link":"https:\/\/www.metacheckengineering.com\/index.php\/mes-services-qa-personnalises\/","title":{"rendered":"Mes services QA personnalis\u00e9s"},"content":{"rendered":"<p>[et_pb_section fb_built=\u00a0\u00bb1&Prime; fullwidth=\u00a0\u00bbon\u00a0\u00bb _builder_version=\u00a0\u00bb4.16&Prime; background_color=\u00a0\u00bb#2ea3f2&Prime; use_background_color_gradient=\u00a0\u00bbon\u00a0\u00bb background_color_gradient_direction=\u00a0\u00bb330deg\u00a0\u00bb background_color_gradient_stops=\u00a0\u00bb#2ea3f2 0%|#2e6df4 100%\u00a0\u00bb background_color_gradient_start=\u00a0\u00bb#2ea3f2&Prime; background_color_gradient_end=\u00a0\u00bb#2e6df4&Prime; global_colors_info=\u00a0\u00bb{}\u00a0\u00bb][et_pb_fullwidth_header title=\u00a0\u00bbMes services QA personnalis\u00e9s\u00a0\u00bb subhead=\u00a0\u00bbPerformez avec un expert qualit\u00e9 impliqu\u00e9 \u00e0 vos c\u00f4t\u00e9s\u00a0\u00bb _builder_version=\u00a0\u00bb4.27.4&Prime; title_font=\u00a0\u00bb||||||||\u00a0\u00bb background_color=\u00a0\u00bbrgba(255, 255, 255, 0)\u00a0\u00bb hover_enabled=\u00a0\u00bb0&Prime; global_colors_info=\u00a0\u00bb{}\u00a0\u00bb button_one_text_size__hover_enabled=\u00a0\u00bboff\u00a0\u00bb button_two_text_size__hover_enabled=\u00a0\u00bboff\u00a0\u00bb button_one_text_color__hover_enabled=\u00a0\u00bboff\u00a0\u00bb button_two_text_color__hover_enabled=\u00a0\u00bboff\u00a0\u00bb button_one_border_width__hover_enabled=\u00a0\u00bboff\u00a0\u00bb button_two_border_width__hover_enabled=\u00a0\u00bboff\u00a0\u00bb button_one_border_color__hover_enabled=\u00a0\u00bboff\u00a0\u00bb button_two_border_color__hover_enabled=\u00a0\u00bboff\u00a0\u00bb button_one_border_radius__hover_enabled=\u00a0\u00bboff\u00a0\u00bb button_two_border_radius__hover_enabled=\u00a0\u00bboff\u00a0\u00bb button_one_letter_spacing__hover_enabled=\u00a0\u00bboff\u00a0\u00bb button_two_letter_spacing__hover_enabled=\u00a0\u00bboff\u00a0\u00bb button_one_bg_color__hover_enabled=\u00a0\u00bboff\u00a0\u00bb button_two_bg_color__hover_enabled=\u00a0\u00bboff\u00a0\u00bb text_orientation=\u00a0\u00bbcenter\u00a0\u00bb sticky_enabled=\u00a0\u00bb0&Prime;][\/et_pb_fullwidth_header][\/et_pb_section][et_pb_section fb_built=\u00a0\u00bb1&Prime; _builder_version=\u00a0\u00bb4.16&Prime; global_colors_info=\u00a0\u00bb{}\u00a0\u00bb][et_pb_row _builder_version=\u00a0\u00bb4.16&Prime; background_size=\u00a0\u00bbinitial\u00a0\u00bb background_position=\u00a0\u00bbtop_left\u00a0\u00bb background_repeat=\u00a0\u00bbrepeat\u00a0\u00bb global_colors_info=\u00a0\u00bb{}\u00a0\u00bb][et_pb_column type=\u00a0\u00bb4_4&Prime; _builder_version=\u00a0\u00bb4.16&Prime; custom_padding=\u00a0\u00bb|||\u00a0\u00bb global_colors_info=\u00a0\u00bb{}\u00a0\u00bb custom_padding__hover=\u00a0\u00bb|||\u00a0\u00bb][et_pb_text _builder_version=\u00a0\u00bb4.27.4&Prime; header_3_font=\u00a0\u00bbPoppins|600|||||||\u00a0\u00bb background_size=\u00a0\u00bbinitial\u00a0\u00bb background_position=\u00a0\u00bbtop_left\u00a0\u00bb background_repeat=\u00a0\u00bbrepeat\u00a0\u00bb hover_enabled=\u00a0\u00bb0&Prime; global_colors_info=\u00a0\u00bb{}\u00a0\u00bb sticky_enabled=\u00a0\u00bb0&Prime;]<\/p>\n<h3 data-start=\"280\" data-end=\"315\" class=\"\">Pourquoi faire appel \u00e0 moi ?<\/h3>\n<p data-start=\"317\" data-end=\"552\" class=\"\">Vous d\u00e9veloppez un logiciel et vous souhaitez am\u00e9liorer sa qualit\u00e9, fiabiliser vos livraisons, ou industrialiser vos tests ?<br data-start=\"441\" data-end=\"444\" \/>Je vous accompagne personnellement, avec une approche sur mesure, humaine, pragmatique et orient\u00e9e r\u00e9sultat.<\/p>\n<p data-start=\"554\" data-end=\"806\" class=\"\">Avec plus de 10 ans d\u2019exp\u00e9rience dans le d\u00e9veloppement, l\u2019automatisation et la strat\u00e9gie qualit\u00e9, je ne me contente pas de \u201cfaire des tests\u201d.<br data-start=\"695\" data-end=\"698\" \/>Je <strong data-start=\"701\" data-end=\"714\">structure<\/strong>, <strong data-start=\"716\" data-end=\"730\">automatise<\/strong>, <strong data-start=\"732\" data-end=\"758\">accompagne les \u00e9quipes<\/strong> et <strong data-start=\"762\" data-end=\"805\">am\u00e8ne une culture de la qualit\u00e9 durable<\/strong>.<\/p>\n<p>[\/et_pb_text][\/et_pb_column][\/et_pb_row][et_pb_row column_structure=\u00a0\u00bb1_2,1_2&Prime; _builder_version=\u00a0\u00bb4.16&Prime; background_size=\u00a0\u00bbinitial\u00a0\u00bb background_position=\u00a0\u00bbtop_left\u00a0\u00bb background_repeat=\u00a0\u00bbrepeat\u00a0\u00bb global_colors_info=\u00a0\u00bb{}\u00a0\u00bb][et_pb_column type=\u00a0\u00bb1_2&Prime; _builder_version=\u00a0\u00bb4.16&Prime; custom_padding=\u00a0\u00bb|||\u00a0\u00bb global_colors_info=\u00a0\u00bb{}\u00a0\u00bb custom_padding__hover=\u00a0\u00bb|||\u00a0\u00bb][et_pb_text _builder_version=\u00a0\u00bb4.27.4&Prime; background_size=\u00a0\u00bbinitial\u00a0\u00bb background_position=\u00a0\u00bbtop_left\u00a0\u00bb background_repeat=\u00a0\u00bbrepeat\u00a0\u00bb hover_enabled=\u00a0\u00bb0&Prime; global_colors_info=\u00a0\u00bb{}\u00a0\u00bb sticky_enabled=\u00a0\u00bb0&Prime;]<\/p>\n<h3 data-start=\"849\" data-end=\"889\"><strong>Audit qualit\u00e9 &amp; strat\u00e9gie de test<\/strong><\/h3>\n<blockquote data-start=\"890\" data-end=\"1039\">\n<p data-start=\"892\" data-end=\"1039\" class=\"\">Analyse de vos pratiques actuelles, identification des risques, \u00e9laboration d\u2019un plan de test global align\u00e9 avec vos objectifs produit et business.<\/p>\n<\/blockquote>\n<p>[\/et_pb_text][\/et_pb_column][et_pb_column type=\u00a0\u00bb1_2&Prime; _builder_version=\u00a0\u00bb4.16&Prime; custom_padding=\u00a0\u00bb|||\u00a0\u00bb global_colors_info=\u00a0\u00bb{}\u00a0\u00bb custom_padding__hover=\u00a0\u00bb|||\u00a0\u00bb][et_pb_text _builder_version=\u00a0\u00bb4.27.4&Prime; background_size=\u00a0\u00bbinitial\u00a0\u00bb background_position=\u00a0\u00bbtop_left\u00a0\u00bb background_repeat=\u00a0\u00bbrepeat\u00a0\u00bb hover_enabled=\u00a0\u00bb0&Prime; global_colors_info=\u00a0\u00bb{}\u00a0\u00bb sticky_enabled=\u00a0\u00bb0&Prime;]<\/p>\n<h3 data-start=\"1041\" data-end=\"1089\"><strong>Automatisation des tests<\/strong><\/h3>\n<blockquote data-start=\"1090\" data-end=\"1247\">\n<p data-start=\"1092\" data-end=\"1247\" class=\"\">Mise en place ou am\u00e9lioration de vos tests automatis\u00e9s avec les bons outils (Cypress, Playwright, Postman, etc.).<br data-start=\"1205\" data-end=\"1208\" \/>Int\u00e9gration dans vos pipelines CI\/CD.<\/p>\n<\/blockquote>\n<p>[\/et_pb_text][\/et_pb_column][\/et_pb_row][et_pb_row column_structure=\u00a0\u00bb1_2,1_2&Prime; _builder_version=\u00a0\u00bb4.16&Prime; background_size=\u00a0\u00bbinitial\u00a0\u00bb background_position=\u00a0\u00bbtop_left\u00a0\u00bb background_repeat=\u00a0\u00bbrepeat\u00a0\u00bb global_colors_info=\u00a0\u00bb{}\u00a0\u00bb][et_pb_column type=\u00a0\u00bb1_2&Prime; _builder_version=\u00a0\u00bb4.16&Prime; custom_padding=\u00a0\u00bb|||\u00a0\u00bb global_colors_info=\u00a0\u00bb{}\u00a0\u00bb custom_padding__hover=\u00a0\u00bb|||\u00a0\u00bb][et_pb_text _builder_version=\u00a0\u00bb4.27.4&Prime; background_size=\u00a0\u00bbinitial\u00a0\u00bb background_position=\u00a0\u00bbtop_left\u00a0\u00bb background_repeat=\u00a0\u00bbrepeat\u00a0\u00bb hover_enabled=\u00a0\u00bb0&Prime; global_colors_info=\u00a0\u00bb{}\u00a0\u00bb sticky_enabled=\u00a0\u00bb0&Prime;]<\/p>\n<h3 data-start=\"1249\" data-end=\"1299\"><strong>Coaching &amp; accompagnement d\u2019\u00e9quipe QA \/ Dev<\/strong><\/h3>\n<blockquote data-start=\"1300\" data-end=\"1413\">\n<p data-start=\"1302\" data-end=\"1413\" class=\"\">Transfert de comp\u00e9tences, pair programming, mise en place des bonnes pratiques qualit\u00e9 dans vos rituels agiles.<\/p>\n<\/blockquote>\n<p>[\/et_pb_text][\/et_pb_column][et_pb_column type=\u00a0\u00bb1_2&Prime; _builder_version=\u00a0\u00bb4.16&Prime; custom_padding=\u00a0\u00bb|||\u00a0\u00bb global_colors_info=\u00a0\u00bb{}\u00a0\u00bb custom_padding__hover=\u00a0\u00bb|||\u00a0\u00bb][et_pb_text _builder_version=\u00a0\u00bb4.27.4&Prime; background_size=\u00a0\u00bbinitial\u00a0\u00bb background_position=\u00a0\u00bbtop_left\u00a0\u00bb background_repeat=\u00a0\u00bbrepeat\u00a0\u00bb hover_enabled=\u00a0\u00bb0&Prime; global_colors_info=\u00a0\u00bb{}\u00a0\u00bb sticky_enabled=\u00a0\u00bb0&Prime;]<\/p>\n<h3 data-start=\"1415\" data-end=\"1477\"><strong>Mise en place de la qualit\u00e9 dans un projet from scratch<\/strong><\/h3>\n<blockquote data-start=\"1478\" data-end=\"1579\">\n<p data-start=\"1480\" data-end=\"1579\" class=\"\">Aide \u00e0 construire une base saine d\u00e8s le d\u00e9part : strat\u00e9gie, outils, documentation, r\u00e8gles d&rsquo;\u00e9quipe.<\/p>\n<\/blockquote>\n<p>[\/et_pb_text][\/et_pb_column][\/et_pb_row][et_pb_row _builder_version=\u00a0\u00bb4.27.4&Prime; _module_preset=\u00a0\u00bbdefault\u00a0\u00bb][et_pb_column _builder_version=\u00a0\u00bb4.27.4&Prime; _module_preset=\u00a0\u00bbdefault\u00a0\u00bb type=\u00a0\u00bb4_4&Prime;][et_pb_text _builder_version=\u00a0\u00bb4.27.4&Prime; _module_preset=\u00a0\u00bbdefault\u00a0\u00bb text_font=\u00a0\u00bbPoppins|&#8211;et_global_heading_font_weight|||||||\u00a0\u00bb hover_enabled=\u00a0\u00bb0&Prime; sticky_enabled=\u00a0\u00bb0&Prime;]<\/p>\n<h3 style=\"text-align: center;\">Pour qui ?<\/h3>\n<p>[\/et_pb_text][\/et_pb_column][\/et_pb_row][et_pb_row column_structure=\u00a0\u00bb1_3,2_3&Prime; _builder_version=\u00a0\u00bb4.16&Prime; background_size=\u00a0\u00bbinitial\u00a0\u00bb background_position=\u00a0\u00bbtop_left\u00a0\u00bb background_repeat=\u00a0\u00bbrepeat\u00a0\u00bb global_colors_info=\u00a0\u00bb{}\u00a0\u00bb][et_pb_column type=\u00a0\u00bb1_3&Prime; _builder_version=\u00a0\u00bb4.16&Prime; custom_padding=\u00a0\u00bb|||\u00a0\u00bb global_colors_info=\u00a0\u00bb{}\u00a0\u00bb custom_padding__hover=\u00a0\u00bb|||\u00a0\u00bb][et_pb_image src=\u00a0\u00bbhttps:\/\/www.metacheckengineering.com\/wp-content\/uploads\/2025\/05\/startup.png\u00a0\u00bb _builder_version=\u00a0\u00bb4.27.4&Prime; _module_preset=\u00a0\u00bbdefault\u00a0\u00bb hover_enabled=\u00a0\u00bb0&Prime; sticky_enabled=\u00a0\u00bb0&Prime; title_text=\u00a0\u00bbstartup\u00a0\u00bb][\/et_pb_image][\/et_pb_column][et_pb_column type=\u00a0\u00bb2_3&Prime; _builder_version=\u00a0\u00bb4.16&Prime; custom_padding=\u00a0\u00bb|||\u00a0\u00bb global_colors_info=\u00a0\u00bb{}\u00a0\u00bb custom_padding__hover=\u00a0\u00bb|||\u00a0\u00bb][et_pb_text _builder_version=\u00a0\u00bb4.27.4&Prime; background_size=\u00a0\u00bbinitial\u00a0\u00bb background_position=\u00a0\u00bbtop_left\u00a0\u00bb background_repeat=\u00a0\u00bbrepeat\u00a0\u00bb hover_enabled=\u00a0\u00bb0&Prime; global_colors_info=\u00a0\u00bb{}\u00a0\u00bb sticky_enabled=\u00a0\u00bb0&Prime;]<\/p>\n<h3 data-start=\"281\" data-end=\"301\"><strong data-start=\"289\" data-end=\"301\">Startups<\/strong><\/h3>\n<p data-start=\"302\" data-end=\"386\" class=\"\">Vous avancez vite, mais vous ne pouvez pas sacrifier la qualit\u00e9.<br data-start=\"366\" data-end=\"369\" \/>Vous cherchez \u00e0 :<\/p>\n<ul data-start=\"387\" data-end=\"588\">\n<li data-start=\"387\" data-end=\"437\" class=\"\">\n<p data-start=\"389\" data-end=\"437\" class=\"\">Structurer votre strat\u00e9gie de test d\u00e8s le d\u00e9part<\/p>\n<\/li>\n<li data-start=\"438\" data-end=\"506\" class=\"\">\n<p data-start=\"440\" data-end=\"506\" class=\"\">Mettre en place des tests automatis\u00e9s sans ralentir vos livraisons<\/p>\n<\/li>\n<li data-start=\"507\" data-end=\"588\" class=\"\">\n<p data-start=\"509\" data-end=\"588\" class=\"\">B\u00e9n\u00e9ficier d\u2019un regard ext\u00e9rieur pour \u00e9viter les erreurs co\u00fbteuses \u00e0 long terme<\/p>\n<\/li>\n<\/ul>\n<p data-start=\"590\" data-end=\"682\" class=\"\">\u2705 Ce que j\u2019apporte : un cadre qualit\u00e9 l\u00e9ger mais robuste, adapt\u00e9 \u00e0 la v\u00e9locit\u00e9 des startups.<\/p>\n<p>[\/et_pb_text][\/et_pb_column][\/et_pb_row][et_pb_row column_structure=\u00a0\u00bb2_3,1_3&Prime; _builder_version=\u00a0\u00bb4.16&Prime; background_size=\u00a0\u00bbinitial\u00a0\u00bb background_position=\u00a0\u00bbtop_left\u00a0\u00bb background_repeat=\u00a0\u00bbrepeat\u00a0\u00bb global_colors_info=\u00a0\u00bb{}\u00a0\u00bb][et_pb_column type=\u00a0\u00bb2_3&Prime; _builder_version=\u00a0\u00bb4.16&Prime; custom_padding=\u00a0\u00bb|||\u00a0\u00bb global_colors_info=\u00a0\u00bb{}\u00a0\u00bb custom_padding__hover=\u00a0\u00bb|||\u00a0\u00bb][et_pb_text _builder_version=\u00a0\u00bb4.27.4&Prime; background_size=\u00a0\u00bbinitial\u00a0\u00bb background_position=\u00a0\u00bbtop_left\u00a0\u00bb background_repeat=\u00a0\u00bbrepeat\u00a0\u00bb hover_enabled=\u00a0\u00bb0&Prime; global_colors_info=\u00a0\u00bb{}\u00a0\u00bb sticky_enabled=\u00a0\u00bb0&Prime; custom_padding=\u00a0\u00bb0px|||||\u00a0\u00bb]<\/p>\n<h3 data-start=\"689\" data-end=\"729\"><strong data-start=\"697\" data-end=\"729\">PME et \u00e9diteurs de logiciels<\/strong><\/h3>\n<p data-start=\"730\" data-end=\"774\" class=\"\">Votre produit est d\u00e9j\u00e0 en production, mais :<\/p>\n<ul data-start=\"775\" data-end=\"943\">\n<li data-start=\"775\" data-end=\"823\" class=\"\">\n<p data-start=\"777\" data-end=\"823\" class=\"\">Les bugs remontent trop tard (ou trop souvent)<\/p>\n<\/li>\n<li data-start=\"824\" data-end=\"879\" class=\"\">\n<p data-start=\"826\" data-end=\"879\" class=\"\">Vous avez du mal \u00e0 cadrer les responsabilit\u00e9s qualit\u00e9<\/p>\n<\/li>\n<li data-start=\"880\" data-end=\"943\" class=\"\">\n<p data-start=\"882\" data-end=\"943\" class=\"\">Vos tests automatis\u00e9s sont absents, instables ou mal int\u00e9gr\u00e9s<\/p>\n<\/li>\n<\/ul>\n<p data-start=\"945\" data-end=\"1136\" class=\"\">\u2705 Ce que j\u2019apporte : une approche concr\u00e8te pour fiabiliser vos livraisons, renforcer la collaboration Dev\/QA, et introduire des outils d\u2019automatisation efficaces sans bouleverser vos \u00e9quipes.<\/p>\n<p>[\/et_pb_text][\/et_pb_column][et_pb_column type=\u00a0\u00bb1_3&Prime; _builder_version=\u00a0\u00bb4.16&Prime; custom_padding=\u00a0\u00bb|||\u00a0\u00bb global_colors_info=\u00a0\u00bb{}\u00a0\u00bb custom_padding__hover=\u00a0\u00bb|||\u00a0\u00bb][et_pb_image src=\u00a0\u00bbhttps:\/\/www.metacheckengineering.com\/wp-content\/uploads\/2025\/05\/pme.png\u00a0\u00bb _builder_version=\u00a0\u00bb4.27.4&Prime; _module_preset=\u00a0\u00bbdefault\u00a0\u00bb hover_enabled=\u00a0\u00bb0&Prime; sticky_enabled=\u00a0\u00bb0&Prime; title_text=\u00a0\u00bbpme\u00a0\u00bb][\/et_pb_image][\/et_pb_column][\/et_pb_row][et_pb_row column_structure=\u00a0\u00bb1_3,2_3&Prime; _builder_version=\u00a0\u00bb4.16&Prime; background_size=\u00a0\u00bbinitial\u00a0\u00bb background_position=\u00a0\u00bbtop_left\u00a0\u00bb background_repeat=\u00a0\u00bbrepeat\u00a0\u00bb global_colors_info=\u00a0\u00bb{}\u00a0\u00bb][et_pb_column type=\u00a0\u00bb1_3&Prime; _builder_version=\u00a0\u00bb4.16&Prime; custom_padding=\u00a0\u00bb|||\u00a0\u00bb global_colors_info=\u00a0\u00bb{}\u00a0\u00bb custom_padding__hover=\u00a0\u00bb|||\u00a0\u00bb][et_pb_image src=\u00a0\u00bbhttps:\/\/www.metacheckengineering.com\/wp-content\/uploads\/2025\/05\/GrandCompte.png\u00a0\u00bb _builder_version=\u00a0\u00bb4.27.4&Prime; _module_preset=\u00a0\u00bbdefault\u00a0\u00bb hover_enabled=\u00a0\u00bb0&Prime; sticky_enabled=\u00a0\u00bb0&Prime; title_text=\u00a0\u00bbGrandCompte\u00a0\u00bb][\/et_pb_image][\/et_pb_column][et_pb_column type=\u00a0\u00bb2_3&Prime; _builder_version=\u00a0\u00bb4.16&Prime; custom_padding=\u00a0\u00bb|||\u00a0\u00bb global_colors_info=\u00a0\u00bb{}\u00a0\u00bb custom_padding__hover=\u00a0\u00bb|||\u00a0\u00bb][et_pb_text _builder_version=\u00a0\u00bb4.27.4&Prime; background_size=\u00a0\u00bbinitial\u00a0\u00bb background_position=\u00a0\u00bbtop_left\u00a0\u00bb background_repeat=\u00a0\u00bbrepeat\u00a0\u00bb hover_enabled=\u00a0\u00bb0&Prime; global_colors_info=\u00a0\u00bb{}\u00a0\u00bb sticky_enabled=\u00a0\u00bb0&Prime;]<\/p>\n<h3 data-start=\"1143\" data-end=\"1176\"><strong data-start=\"1151\" data-end=\"1176\">Grands groupes ou DSI<\/strong><\/h3>\n<p data-start=\"1177\" data-end=\"1217\" class=\"\">Vous avez des processus en place, mais :<\/p>\n<ul data-start=\"1218\" data-end=\"1445\">\n<li data-start=\"1218\" data-end=\"1283\" class=\"\">\n<p data-start=\"1220\" data-end=\"1283\" class=\"\">Vous manquez d\u2019expertise technique en test automatis\u00e9 ou en E2E<\/p>\n<\/li>\n<li data-start=\"1284\" data-end=\"1357\" class=\"\">\n<p data-start=\"1286\" data-end=\"1357\" class=\"\">Vous cherchez un profil autonome pour piloter ou renforcer une squad QA<\/p>\n<\/li>\n<li data-start=\"1358\" data-end=\"1445\" class=\"\">\n<p data-start=\"1360\" data-end=\"1445\" class=\"\">Vous avez besoin d\u2019un intervenant capable de dialoguer avec PO, tech lead, dev et ops<\/p>\n<\/li>\n<\/ul>\n<p data-start=\"1447\" data-end=\"1634\" class=\"\">\u2705 Ce que j\u2019apporte : une capacit\u00e9 \u00e0 m\u2019int\u00e9grer rapidement, proposer des am\u00e9liorations concr\u00e8tes, et faire le lien entre les \u00e9quipes pour faire progresser la qualit\u00e9 \u00e0 l\u2019\u00e9chelle du projet.<\/p>\n<p>[\/et_pb_text][\/et_pb_column][\/et_pb_row][et_pb_row column_structure=\u00a0\u00bb3_5,2_5&Prime; _builder_version=\u00a0\u00bb4.16&Prime; background_size=\u00a0\u00bbinitial\u00a0\u00bb background_position=\u00a0\u00bbtop_left\u00a0\u00bb background_repeat=\u00a0\u00bbrepeat\u00a0\u00bb global_colors_info=\u00a0\u00bb{}\u00a0\u00bb][et_pb_column type=\u00a0\u00bb3_5&Prime; _builder_version=\u00a0\u00bb4.16&Prime; custom_padding=\u00a0\u00bb|||\u00a0\u00bb global_colors_info=\u00a0\u00bb{}\u00a0\u00bb custom_padding__hover=\u00a0\u00bb|||\u00a0\u00bb][et_pb_text _builder_version=\u00a0\u00bb4.27.4&Prime; background_size=\u00a0\u00bbinitial\u00a0\u00bb background_position=\u00a0\u00bbtop_left\u00a0\u00bb background_repeat=\u00a0\u00bbrepeat\u00a0\u00bb hover_enabled=\u00a0\u00bb0&Prime; global_colors_info=\u00a0\u00bb{}\u00a0\u00bb sticky_enabled=\u00a0\u00bb0&Prime;]<\/p>\n<h3 data-start=\"145\" data-end=\"201\"><strong data-start=\"156\" data-end=\"201\">Freelances, TPE, ou \u00e9quipes sans QA d\u00e9di\u00e9<\/strong><\/h3>\n<p data-start=\"202\" data-end=\"299\" class=\"\">Vous d\u00e9veloppez en petit effectif, souvent sans testeur attitr\u00e9. Vous faites tout vous-m\u00eame, et :<\/p>\n<ul data-start=\"300\" data-end=\"515\">\n<li data-start=\"300\" data-end=\"368\" class=\"\">\n<p data-start=\"302\" data-end=\"368\" class=\"\">Vous avez besoin d\u2019un regard externe pour fiabiliser votre produit<\/p>\n<\/li>\n<li data-start=\"369\" data-end=\"441\" class=\"\">\n<p data-start=\"371\" data-end=\"441\" class=\"\">Vous voulez automatiser quelques tests cl\u00e9s sans y passer des semaines<\/p>\n<\/li>\n<li data-start=\"442\" data-end=\"515\" class=\"\">\n<p data-start=\"444\" data-end=\"515\" class=\"\">Vous souhaitez poser des bases qualit\u00e9 sans complexifier votre workflow<\/p>\n<\/li>\n<\/ul>\n<p data-start=\"517\" data-end=\"682\" class=\"\">\u2705 Ce que j\u2019apporte : un accompagnement cibl\u00e9, souple, et adapt\u00e9 \u00e0 votre r\u00e9alit\u00e9 terrain. Je vous aide \u00e0 s\u00e9curiser votre d\u00e9veloppement sans vous transformer en usine.<\/p>\n<p>[\/et_pb_text][\/et_pb_column][et_pb_column type=\u00a0\u00bb2_5&Prime; _builder_version=\u00a0\u00bb4.16&Prime; custom_padding=\u00a0\u00bb|||\u00a0\u00bb global_colors_info=\u00a0\u00bb{}\u00a0\u00bb custom_padding__hover=\u00a0\u00bb|||\u00a0\u00bb][et_pb_image src=\u00a0\u00bbhttps:\/\/www.metacheckengineering.com\/wp-content\/uploads\/2025\/05\/TPE.png\u00a0\u00bb _builder_version=\u00a0\u00bb4.27.4&Prime; _module_preset=\u00a0\u00bbdefault\u00a0\u00bb hover_enabled=\u00a0\u00bb0&Prime; sticky_enabled=\u00a0\u00bb0&Prime; title_text=\u00a0\u00bbTPE\u00a0\u00bb][\/et_pb_image][\/et_pb_column][\/et_pb_row][\/et_pb_section][et_pb_section fb_built=\u00a0\u00bb1&Prime; theme_builder_area=\u00a0\u00bbpost_content\u00a0\u00bb _builder_version=\u00a0\u00bb4.27.4&Prime; _module_preset=\u00a0\u00bbdefault\u00a0\u00bb background_color=\u00a0\u00bb#f5f7fa\u00a0\u00bb hover_enabled=\u00a0\u00bb0&Prime; sticky_enabled=\u00a0\u00bb0&Prime;][et_pb_row _builder_version=\u00a0\u00bb4.27.4&Prime; _module_preset=\u00a0\u00bbdefault\u00a0\u00bb theme_builder_area=\u00a0\u00bbpost_content\u00a0\u00bb][et_pb_column _builder_version=\u00a0\u00bb4.27.4&Prime; _module_preset=\u00a0\u00bbdefault\u00a0\u00bb type=\u00a0\u00bb4_4&Prime; theme_builder_area=\u00a0\u00bbpost_content\u00a0\u00bb][et_pb_text _builder_version=\u00a0\u00bb4.27.4&Prime; _module_preset=\u00a0\u00bbdefault\u00a0\u00bb theme_builder_area=\u00a0\u00bbpost_content\u00a0\u00bb hover_enabled=\u00a0\u00bb0&Prime; sticky_enabled=\u00a0\u00bb0&Prime;]<\/p>\n<h3 data-start=\"1827\" data-end=\"1877\" class=\"\"><strong>Mon approche : pr\u00e9cise, adapt\u00e9e, humaine<\/strong><\/h3>\n<p data-start=\"1879\" data-end=\"2137\" class=\"\">Je m\u2019adapte \u00e0 votre contexte, votre niveau de maturit\u00e9 QA, vos contraintes techniques et humaines.<br data-start=\"1977\" data-end=\"1980\" \/>Je suis \u00e0 la fois <strong data-start=\"1998\" data-end=\"2013\">strat\u00e9gique<\/strong> et <strong data-start=\"2017\" data-end=\"2033\">op\u00e9rationnel<\/strong> : je peux penser comme un QA Lead, coder comme un testeur automatis\u00e9, et dialoguer avec PO, Dev et Ops.<\/p>\n<p>[\/et_pb_text][\/et_pb_column][\/et_pb_row][\/et_pb_section][et_pb_section fb_built=\u00a0\u00bb1&Prime; theme_builder_area=\u00a0\u00bbpost_content\u00a0\u00bb _builder_version=\u00a0\u00bb4.27.4&Prime; _module_preset=\u00a0\u00bbdefault\u00a0\u00bb background_color=\u00a0\u00bb#9ca3af\u00a0\u00bb top_divider_style=\u00a0\u00bbarrow3&Prime; hover_enabled=\u00a0\u00bb0&Prime; sticky_enabled=\u00a0\u00bb0&Prime; prev_background_color=\u00a0\u00bb#f5f7fa\u00a0\u00bb][et_pb_row _builder_version=\u00a0\u00bb4.27.4&Prime; _module_preset=\u00a0\u00bbdefault\u00a0\u00bb column_structure=\u00a0\u00bb1_2,1_2&Prime; theme_builder_area=\u00a0\u00bbpost_content\u00a0\u00bb][et_pb_column _builder_version=\u00a0\u00bb4.27.4&Prime; _module_preset=\u00a0\u00bbdefault\u00a0\u00bb type=\u00a0\u00bb1_2&Prime; theme_builder_area=\u00a0\u00bbpost_content\u00a0\u00bb][et_pb_text _builder_version=\u00a0\u00bb4.27.4&Prime; _module_preset=\u00a0\u00bbdefault\u00a0\u00bb theme_builder_area=\u00a0\u00bbpost_content\u00a0\u00bb hover_enabled=\u00a0\u00bb0&Prime; sticky_enabled=\u00a0\u00bb0&Prime;]<\/p>\n<h3><strong>Travaillons ensemble<\/strong><\/h3>\n<p data-start=\"2173\" data-end=\"2307\" class=\"\">\ud83d\udd39 Mission courte ou accompagnement r\u00e9current<br data-start=\"2218\" data-end=\"2221\" \/>\ud83d\udd39 En distanciel, sur site ou en mode hybride<\/p>\n<p data-start=\"2173\" data-end=\"2307\" class=\"\">\n<p data-start=\"2173\" data-end=\"2307\" class=\"\">\n<h4 data-start=\"2173\" data-end=\"2307\"><a href=\"https:\/\/zcal.co\/jeanfrancoishimmer\/15min\">Contactez-moi pour un \u00e9change gratuit<\/a><\/h4>\n<p>[\/et_pb_text][\/et_pb_column][et_pb_column _builder_version=\u00a0\u00bb4.27.4&Prime; _module_preset=\u00a0\u00bbdefault\u00a0\u00bb type=\u00a0\u00bb1_2&Prime; theme_builder_area=\u00a0\u00bbpost_content\u00a0\u00bb][et_pb_image src=\u00a0\u00bbhttps:\/\/www.metacheckengineering.com\/wp-content\/uploads\/2025\/05\/travailler_ensemble.png\u00a0\u00bb _builder_version=\u00a0\u00bb4.27.4&Prime; _module_preset=\u00a0\u00bbdefault\u00a0\u00bb theme_builder_area=\u00a0\u00bbpost_content\u00a0\u00bb title_text=\u00a0\u00bbtravailler_ensemble\u00a0\u00bb hover_enabled=\u00a0\u00bb0&Prime; sticky_enabled=\u00a0\u00bb0&Prime;][\/et_pb_image][\/et_pb_column][\/et_pb_row][\/et_pb_section]<\/p>\n","protected":false},"excerpt":{"rendered":"<p>Pourquoi faire appel \u00e0 moi ? Vous d\u00e9veloppez un logiciel et vous souhaitez am\u00e9liorer sa qualit\u00e9, fiabiliser vos livraisons, ou industrialiser vos tests ?Je vous accompagne personnellement, avec une approche sur mesure, humaine, pragmatique et orient\u00e9e r\u00e9sultat. Avec plus de 10 ans d\u2019exp\u00e9rience dans le d\u00e9veloppement, l\u2019automatisation et la strat\u00e9gie qualit\u00e9, je ne me contente [&hellip;]<\/p>\n","protected":false},"author":1,"featured_media":0,"parent":0,"menu_order":0,"comment_status":"closed","ping_status":"closed","template":"","meta":{"_et_pb_use_builder":"on","_et_pb_old_content":"","_et_gb_content_width":"","footnotes":""},"class_list":["post-430","page","type-page","status-publish","hentry"],"_links":{"self":[{"href":"https:\/\/www.metacheckengineering.com\/index.php\/wp-json\/wp\/v2\/pages\/430","targetHints":{"allow":["GET"]}}],"collection":[{"href":"https:\/\/www.metacheckengineering.com\/index.php\/wp-json\/wp\/v2\/pages"}],"about":[{"href":"https:\/\/www.metacheckengineering.com\/index.php\/wp-json\/wp\/v2\/types\/page"}],"author":[{"embeddable":true,"href":"https:\/\/www.metacheckengineering.com\/index.php\/wp-json\/wp\/v2\/users\/1"}],"replies":[{"embeddable":true,"href":"https:\/\/www.metacheckengineering.com\/index.php\/wp-json\/wp\/v2\/comments?post=430"}],"version-history":[{"count":9,"href":"https:\/\/www.metacheckengineering.com\/index.php\/wp-json\/wp\/v2\/pages\/430\/revisions"}],"predecessor-version":[{"id":451,"href":"https:\/\/www.metacheckengineering.com\/index.php\/wp-json\/wp\/v2\/pages\/430\/revisions\/451"}],"wp:attachment":[{"href":"https:\/\/www.metacheckengineering.com\/index.php\/wp-json\/wp\/v2\/media?parent=430"}],"curies":[{"name":"wp","href":"https:\/\/api.w.org\/{rel}","templated":true}]}}