{"id":31,"date":"2025-04-12T15:44:51","date_gmt":"2025-04-12T13:44:51","guid":{"rendered":"https:\/\/www.metacheckengineering.com\/?page_id=31"},"modified":"2025-04-26T00:28:00","modified_gmt":"2025-04-25T22:28:00","slug":"decouvrez-comment-economiser-du-temps-et-ameliorer-la-qualite-des-tests","status":"publish","type":"page","link":"https:\/\/www.metacheckengineering.com\/index.php\/decouvrez-comment-economiser-du-temps-et-ameliorer-la-qualite-des-tests\/","title":{"rendered":"D\u00e9couvrez comment \u00e9conomiser du temps et am\u00e9liorer la qualit\u00e9 des tests"},"content":{"rendered":"<p>[et_pb_section fb_built=\u00a0\u00bb1&Prime; fullwidth=\u00a0\u00bbon\u00a0\u00bb _builder_version=\u00a0\u00bb4.27.4&Prime; background_color=\u00a0\u00bb#2ea3f2&Prime; use_background_color_gradient=\u00a0\u00bbon\u00a0\u00bb background_color_gradient_direction=\u00a0\u00bb330deg\u00a0\u00bb background_color_gradient_stops=\u00a0\u00bb#2ea3f2 0%|#2e6df4 100%\u00a0\u00bb background_color_gradient_start=\u00a0\u00bb#2ea3f2&Prime; background_color_gradient_end=\u00a0\u00bb#2e6df4&Prime; global_colors_info=\u00a0\u00bb{}\u00a0\u00bb][et_pb_fullwidth_header title=\u00a0\u00bbD\u00e9couvrez comment \u00e9conomiser du temps et am\u00e9liorer la qualit\u00e9 des tests\u00a0\u00bb text_orientation=\u00a0\u00bbcenter\u00a0\u00bb _builder_version=\u00a0\u00bb4.27.4&Prime; title_font=\u00a0\u00bbPoppins||||||||\u00a0\u00bb title_font_size=\u00a0\u00bb32px\u00a0\u00bb title_letter_spacing=\u00a0\u00bb2px\u00a0\u00bb background_color=\u00a0\u00bb#1e88e5&Prime; global_colors_info=\u00a0\u00bb{}\u00a0\u00bb button_one_text_size__hover_enabled=\u00a0\u00bboff\u00a0\u00bb button_two_text_size__hover_enabled=\u00a0\u00bboff\u00a0\u00bb button_one_text_color__hover_enabled=\u00a0\u00bboff\u00a0\u00bb button_two_text_color__hover_enabled=\u00a0\u00bboff\u00a0\u00bb button_one_border_width__hover_enabled=\u00a0\u00bboff\u00a0\u00bb button_two_border_width__hover_enabled=\u00a0\u00bboff\u00a0\u00bb button_one_border_color__hover_enabled=\u00a0\u00bboff\u00a0\u00bb button_two_border_color__hover_enabled=\u00a0\u00bboff\u00a0\u00bb button_one_border_radius__hover_enabled=\u00a0\u00bboff\u00a0\u00bb button_two_border_radius__hover_enabled=\u00a0\u00bboff\u00a0\u00bb button_one_letter_spacing__hover_enabled=\u00a0\u00bboff\u00a0\u00bb button_two_letter_spacing__hover_enabled=\u00a0\u00bboff\u00a0\u00bb button_one_bg_color__hover_enabled=\u00a0\u00bboff\u00a0\u00bb button_two_bg_color__hover_enabled=\u00a0\u00bboff\u00a0\u00bb title__hover_enabled=\u00a0\u00bbon|hover\u00a0\u00bb title__hover=\u00a0\u00bbD\u00e9couvrez comment \u00e9conomiser du temps et am\u00e9liorer la qualit\u00e9 des tests!\u00a0\u00bb title_text_color__hover_enabled=\u00a0\u00bbon|desktop\u00a0\u00bb][\/et_pb_fullwidth_header][\/et_pb_section][et_pb_section fb_built=\u00a0\u00bb1&Prime; _builder_version=\u00a0\u00bb4.27.4&Prime; custom_margin=\u00a0\u00bb||106px|||\u00a0\u00bb global_colors_info=\u00a0\u00bb{}\u00a0\u00bb][et_pb_row column_structure=\u00a0\u00bb1_3,1_3,1_3&Prime; _builder_version=\u00a0\u00bb4.27.4&Prime; background_size=\u00a0\u00bbinitial\u00a0\u00bb background_position=\u00a0\u00bbtop_left\u00a0\u00bb background_repeat=\u00a0\u00bbrepeat\u00a0\u00bb animation_style=\u00a0\u00bbslide\u00a0\u00bb animation_duration=\u00a0\u00bb1400ms\u00a0\u00bb animation_delay=\u00a0\u00bb150ms\u00a0\u00bb animation_intensity_slide=\u00a0\u00bb8%\u00a0\u00bb hover_enabled=\u00a0\u00bb0&Prime; global_colors_info=\u00a0\u00bb{}\u00a0\u00bb background_enable_image=\u00a0\u00bboff\u00a0\u00bb sticky_enabled=\u00a0\u00bb0&Prime;][et_pb_column type=\u00a0\u00bb1_3&Prime; _builder_version=\u00a0\u00bb4.27.4&Prime; custom_padding=\u00a0\u00bb|||\u00a0\u00bb global_colors_info=\u00a0\u00bb{}\u00a0\u00bb custom_padding__hover=\u00a0\u00bb|||\u00a0\u00bb][et_pb_text _builder_version=\u00a0\u00bb4.27.4&Prime; background_color=\u00a0\u00bb#f5f7fa\u00a0\u00bb background_size=\u00a0\u00bbinitial\u00a0\u00bb background_position=\u00a0\u00bbtop_left\u00a0\u00bb background_repeat=\u00a0\u00bbrepeat\u00a0\u00bb custom_margin=\u00a0\u00bb12px|12px|12px|12px|false|false\u00a0\u00bb custom_padding=\u00a0\u00bb12px|12px|12px|12px|false|false\u00a0\u00bb animation_style=\u00a0\u00bbzoom\u00a0\u00bb animation_duration=\u00a0\u00bb1950ms\u00a0\u00bb animation_intensity_zoom=\u00a0\u00bb88%\u00a0\u00bb border_radii=\u00a0\u00bbon|20px|20px|20px|20px\u00a0\u00bb global_colors_info=\u00a0\u00bb{}\u00a0\u00bb]<\/p>\n<h3><strong>Automatisation intelligente des sc\u00e9narios courants<\/strong><\/h3>\n<p><span style=\"font-weight: 400;\">Thot simplifie l&rsquo;automatisation des sc\u00e9narios de test les plus courants, vous permettant d&rsquo;\u00e9conomiser un temps pr\u00e9cieux. Plus besoin de passer des heures \u00e0 cr\u00e9er des scripts complexes, Thot identifie automatiquement les sc\u00e9narios fr\u00e9quemment utilis\u00e9s et les automatise de mani\u00e8re intelligente.<\/span><\/p>\n<p>[\/et_pb_text][et_pb_text _builder_version=\u00a0\u00bb4.27.4&Prime; background_color=\u00a0\u00bb#f5f7fa\u00a0\u00bb background_size=\u00a0\u00bbinitial\u00a0\u00bb background_position=\u00a0\u00bbtop_left\u00a0\u00bb background_repeat=\u00a0\u00bbrepeat\u00a0\u00bb custom_margin=\u00a0\u00bb12px|12px|12px|12px|false|false\u00a0\u00bb custom_padding=\u00a0\u00bb12px|12px|12px|12px|false|false\u00a0\u00bb animation_style=\u00a0\u00bbzoom\u00a0\u00bb animation_duration=\u00a0\u00bb1950ms\u00a0\u00bb animation_intensity_zoom=\u00a0\u00bb88%\u00a0\u00bb border_radii=\u00a0\u00bbon|20px|20px|20px|20px\u00a0\u00bb global_colors_info=\u00a0\u00bb{}\u00a0\u00bb]<\/p>\n<h3><strong>Automatisation intelligente des sc\u00e9narios courants<\/strong><\/h3>\n<p><span style=\"font-weight: 400;\">Thot simplifie l&rsquo;automatisation des sc\u00e9narios de test les plus courants, vous permettant d&rsquo;\u00e9conomiser un temps pr\u00e9cieux. Plus besoin de passer des heures \u00e0 cr\u00e9er des scripts complexes, Thot identifie automatiquement les sc\u00e9narios fr\u00e9quemment utilis\u00e9s et les automatise de mani\u00e8re intelligente.<\/span><\/p>\n<p>[\/et_pb_text][et_pb_text _builder_version=\u00a0\u00bb4.27.4&Prime; background_color=\u00a0\u00bb#f5f7fa\u00a0\u00bb background_size=\u00a0\u00bbinitial\u00a0\u00bb background_position=\u00a0\u00bbtop_left\u00a0\u00bb background_repeat=\u00a0\u00bbrepeat\u00a0\u00bb custom_margin=\u00a0\u00bb12px|12px|12px|12px|false|false\u00a0\u00bb custom_padding=\u00a0\u00bb12px|12px|12px|12px|false|false\u00a0\u00bb animation_style=\u00a0\u00bbzoom\u00a0\u00bb animation_duration=\u00a0\u00bb1950ms\u00a0\u00bb animation_intensity_zoom=\u00a0\u00bb88%\u00a0\u00bb border_radii=\u00a0\u00bbon|20px|20px|20px|20px\u00a0\u00bb global_colors_info=\u00a0\u00bb{}\u00a0\u00bb]<\/p>\n<h3><strong>Maintenance simplifi\u00e9e<\/strong><\/h3>\n<p><span style=\"font-weight: 400;\">La maintenance des tests peut \u00eatre chronophage, mais Thot simplifie ce processus. Les ajustements suite \u00e0 des modifications dans votre logiciel se font de mani\u00e8re intuitive, \u00e9conomisant du temps tout en assurant la continuit\u00e9 des tests sans tracas<\/span><\/p>\n<p>[\/et_pb_text][\/et_pb_column][et_pb_column type=\u00a0\u00bb1_3&Prime; _builder_version=\u00a0\u00bb4.16&Prime; custom_padding=\u00a0\u00bb|||\u00a0\u00bb global_colors_info=\u00a0\u00bb{}\u00a0\u00bb custom_padding__hover=\u00a0\u00bb|||\u00a0\u00bb][et_pb_text _builder_version=\u00a0\u00bb4.27.4&Prime; background_color=\u00a0\u00bb#f5f7fa\u00a0\u00bb background_size=\u00a0\u00bbinitial\u00a0\u00bb background_position=\u00a0\u00bbtop_left\u00a0\u00bb background_repeat=\u00a0\u00bbrepeat\u00a0\u00bb custom_margin=\u00a0\u00bb12px|12px|12px|12px|false|false\u00a0\u00bb custom_padding=\u00a0\u00bb12px|12px|12px|12px|false|false\u00a0\u00bb animation_style=\u00a0\u00bbzoom\u00a0\u00bb animation_duration=\u00a0\u00bb1950ms\u00a0\u00bb animation_intensity_zoom=\u00a0\u00bb88%\u00a0\u00bb border_radii=\u00a0\u00bbon|20px|20px|20px|20px\u00a0\u00bb global_colors_info=\u00a0\u00bb{}\u00a0\u00bb]<\/p>\n<h3><strong>Ex\u00e9cution rapide des tests <\/strong><\/h3>\n<p><span style=\"font-weight: 400;\">Avec Thot, l&rsquo;ex\u00e9cution de vos tests est exceptionnellement rapide. \u00c9conomisez des heures sur les cycles de test en obtenant des r\u00e9sultats fiables en un temps record. Thot permet une it\u00e9ration rapide pour que votre \u00e9quipe puisse se concentrer sur l&rsquo;innovation plut\u00f4t que sur l&rsquo;attente des r\u00e9sultats.<\/span><\/p>\n<p>[\/et_pb_text][et_pb_text _builder_version=\u00a0\u00bb4.27.4&Prime; _module_preset=\u00a0\u00bbdefault\u00a0\u00bb background_color=\u00a0\u00bb#f5f7fa\u00a0\u00bb background_size=\u00a0\u00bbinitial\u00a0\u00bb background_position=\u00a0\u00bbtop_left\u00a0\u00bb background_repeat=\u00a0\u00bbrepeat\u00a0\u00bb custom_margin=\u00a0\u00bb12px|12px|12px|12px|false|false\u00a0\u00bb custom_padding=\u00a0\u00bb12px|12px|12px|12px|false|false\u00a0\u00bb animation_style=\u00a0\u00bbzoom\u00a0\u00bb animation_duration=\u00a0\u00bb1950ms\u00a0\u00bb animation_intensity_zoom=\u00a0\u00bb88%\u00a0\u00bb border_radii=\u00a0\u00bbon|20px|20px|20px|20px\u00a0\u00bb global_colors_info=\u00a0\u00bb{}\u00a0\u00bb]<\/p>\n<h3><strong>Rapports complets et actionnables<\/strong><\/h3>\n<div class=\"et-pb-draggable-spacing et-pb-draggable-spacing__spacing et-pb-draggable-spacing__bottom et-pb-draggable-spacing__padding et-pb-draggable-spacing--animated\">\n<div class=\"et-pb-draggable-spacing__hint\"><\/div>\n<\/div>\n<div class=\"et-pb-draggable-spacing et-pb-draggable-spacing__spacing et-pb-draggable-spacing__right et-pb-draggable-spacing__padding et-pb-draggable-spacing--animated et-pb-draggable-spacing--no-size\">\n<div class=\"et-pb-draggable-spacing__hint\"><\/div>\n<\/div>\n<div class=\"et-pb-draggable-spacing et-pb-draggable-spacing__spacing et-pb-draggable-spacing__left et-pb-draggable-spacing__padding et-pb-draggable-spacing--animated et-pb-draggable-spacing--no-size\"><\/div>\n<p><span style=\"font-weight: 400;\">Thot g\u00e9n\u00e8re des rapports complets et actionnables, fournissant des analyses d\u00e9taill\u00e9es sur la qualit\u00e9 de vos logiciels. \u00c9conomisez du temps en \u00e9vitant la n\u00e9cessit\u00e9 de d\u00e9chiffrer des donn\u00e9es complexes. Les rapports de Thot vous offrent une vue claire des performances de votre logiciel.<\/span><\/p>\n<p>[\/et_pb_text][\/et_pb_column][et_pb_column type=\u00a0\u00bb1_3&Prime; _builder_version=\u00a0\u00bb4.16&Prime; custom_padding=\u00a0\u00bb|||\u00a0\u00bb global_colors_info=\u00a0\u00bb{}\u00a0\u00bb custom_padding__hover=\u00a0\u00bb|||\u00a0\u00bb][et_pb_text _builder_version=\u00a0\u00bb4.27.4&Prime; background_color=\u00a0\u00bb#f5f7fa\u00a0\u00bb background_size=\u00a0\u00bbinitial\u00a0\u00bb background_position=\u00a0\u00bbtop_left\u00a0\u00bb background_repeat=\u00a0\u00bbrepeat\u00a0\u00bb custom_margin=\u00a0\u00bb12px|12px|12px|12px|false|false\u00a0\u00bb custom_padding=\u00a0\u00bb12px|12px|12px|12px|false|false\u00a0\u00bb animation_style=\u00a0\u00bbzoom\u00a0\u00bb animation_duration=\u00a0\u00bb1950ms\u00a0\u00bb animation_intensity_zoom=\u00a0\u00bb88%\u00a0\u00bb border_radii=\u00a0\u00bbon|20px|20px|20px|20px\u00a0\u00bb global_colors_info=\u00a0\u00bb{}\u00a0\u00bb]<\/p>\n<h3><strong>D\u00e9tection pr\u00e9coce des probl\u00e8mes<\/strong><\/h3>\n<p><span style=\"font-weight: 400;\">Ne laissez pas les probl\u00e8mes s&rsquo;infiltrer dans votre application. Thot offre une d\u00e9tection pr\u00e9coce des probl\u00e8mes gr\u00e2ce \u00e0 des r\u00e9sultats de tests en temps r\u00e9el. Vous \u00e9conomisez du temps en r\u00e9solvant les probl\u00e8mes d\u00e8s qu&rsquo;ils surviennent, \u00e9vitant ainsi des corrections co\u00fbteuses dans les phases ult\u00e9rieures du d\u00e9veloppement.<\/span><\/p>\n<p>[\/et_pb_text][et_pb_text _builder_version=\u00a0\u00bb4.27.4&Prime; background_color=\u00a0\u00bb#f5f7fa\u00a0\u00bb background_size=\u00a0\u00bbinitial\u00a0\u00bb background_position=\u00a0\u00bbtop_left\u00a0\u00bb background_repeat=\u00a0\u00bbrepeat\u00a0\u00bb custom_margin=\u00a0\u00bb12px|12px|12px|12px|false|false\u00a0\u00bb custom_padding=\u00a0\u00bb12px|12px|12px|12px|false|false\u00a0\u00bb animation_style=\u00a0\u00bbzoom\u00a0\u00bb animation_duration=\u00a0\u00bb1950ms\u00a0\u00bb animation_intensity_zoom=\u00a0\u00bb88%\u00a0\u00bb border_radii=\u00a0\u00bbon|20px|20px|20px|20px\u00a0\u00bb global_colors_info=\u00a0\u00bb{}\u00a0\u00bb]<\/p>\n<h3><strong>Int\u00e9gration transparente dans votre processus de d\u00e9veloppement<\/strong><\/h3>\n<p><span style=\"font-weight: 400;\">Thot s&rsquo;int\u00e8gre facilement \u00e0 votre processus de d\u00e9veloppement existant, \u00e9liminant les perturbations inutiles. Vous \u00e9conomisez du temps en int\u00e9grant une solution de test qui s&rsquo;adapte naturellement \u00e0 vos workflows, augmentant ainsi l&rsquo;efficacit\u00e9 de votre \u00e9quipe.<\/span><\/p>\n<p>[\/et_pb_text][\/et_pb_column][\/et_pb_row][\/et_pb_section]<\/p>\n","protected":false},"excerpt":{"rendered":"<p>Automatisation intelligente des sc\u00e9narios courants Thot simplifie l&rsquo;automatisation des sc\u00e9narios de test les plus courants, vous permettant d&rsquo;\u00e9conomiser un temps pr\u00e9cieux. Plus besoin de passer des heures \u00e0 cr\u00e9er des scripts complexes, Thot identifie automatiquement les sc\u00e9narios fr\u00e9quemment utilis\u00e9s et les automatise de mani\u00e8re intelligente.Automatisation intelligente des sc\u00e9narios courants Thot simplifie l&rsquo;automatisation des sc\u00e9narios de [&hellip;]<\/p>\n","protected":false},"author":1,"featured_media":0,"parent":0,"menu_order":0,"comment_status":"closed","ping_status":"closed","template":"","meta":{"_et_pb_use_builder":"on","_et_pb_old_content":"","_et_gb_content_width":"","footnotes":""},"class_list":["post-31","page","type-page","status-publish","hentry"],"_links":{"self":[{"href":"https:\/\/www.metacheckengineering.com\/index.php\/wp-json\/wp\/v2\/pages\/31","targetHints":{"allow":["GET"]}}],"collection":[{"href":"https:\/\/www.metacheckengineering.com\/index.php\/wp-json\/wp\/v2\/pages"}],"about":[{"href":"https:\/\/www.metacheckengineering.com\/index.php\/wp-json\/wp\/v2\/types\/page"}],"author":[{"embeddable":true,"href":"https:\/\/www.metacheckengineering.com\/index.php\/wp-json\/wp\/v2\/users\/1"}],"replies":[{"embeddable":true,"href":"https:\/\/www.metacheckengineering.com\/index.php\/wp-json\/wp\/v2\/comments?post=31"}],"version-history":[{"count":29,"href":"https:\/\/www.metacheckengineering.com\/index.php\/wp-json\/wp\/v2\/pages\/31\/revisions"}],"predecessor-version":[{"id":398,"href":"https:\/\/www.metacheckengineering.com\/index.php\/wp-json\/wp\/v2\/pages\/31\/revisions\/398"}],"wp:attachment":[{"href":"https:\/\/www.metacheckengineering.com\/index.php\/wp-json\/wp\/v2\/media?parent=31"}],"curies":[{"name":"wp","href":"https:\/\/api.w.org\/{rel}","templated":true}]}}