{"id":114,"date":"2025-04-22T22:21:02","date_gmt":"2025-04-22T20:21:02","guid":{"rendered":"https:\/\/www.metacheckengineering.com\/?page_id=114"},"modified":"2025-04-22T22:21:03","modified_gmt":"2025-04-22T20:21:03","slug":"pourquoi-externaliser-la-qualite","status":"publish","type":"page","link":"https:\/\/www.metacheckengineering.com\/index.php\/pourquoi-externaliser-la-qualite\/","title":{"rendered":"Pourquoi externaliser la qualit\u00e9"},"content":{"rendered":"<p>[et_pb_section fb_built=\u00a0\u00bb1&Prime; fullwidth=\u00a0\u00bbon\u00a0\u00bb _builder_version=\u00a0\u00bb4.16&Prime; background_color=\u00a0\u00bb#2ea3f2&Prime; use_background_color_gradient=\u00a0\u00bbon\u00a0\u00bb background_color_gradient_direction=\u00a0\u00bb330deg\u00a0\u00bb background_color_gradient_stops=\u00a0\u00bb#2ea3f2 0%|#2e6df4 100%\u00a0\u00bb background_color_gradient_start=\u00a0\u00bb#2ea3f2&Prime; background_color_gradient_end=\u00a0\u00bb#2e6df4&Prime; global_colors_info=\u00a0\u00bb{}\u00a0\u00bb][et_pb_fullwidth_header title=\u00a0\u00bbPourquoi externaliser la qualit\u00e9<br \/>\n\u00a0\u00bb subhead=\u00a0\u00bbExternaliser la partie automatisation de test et test manuel offre plusieurs avantages aux entreprises, notamment\u00a0\u00bb text_orientation=\u00a0\u00bbcenter\u00a0\u00bb _builder_version=\u00a0\u00bb4.27.4&Prime; title_font=\u00a0\u00bbPoppins||||||||\u00a0\u00bb title_font_size=\u00a0\u00bb32px\u00a0\u00bb title_letter_spacing=\u00a0\u00bb2px\u00a0\u00bb background_color=\u00a0\u00bbrgba(255, 255, 255, 0)\u00a0\u00bb hover_enabled=\u00a0\u00bb0&Prime; global_colors_info=\u00a0\u00bb{}\u00a0\u00bb button_one_text_size__hover_enabled=\u00a0\u00bboff\u00a0\u00bb button_two_text_size__hover_enabled=\u00a0\u00bboff\u00a0\u00bb button_one_text_color__hover_enabled=\u00a0\u00bboff\u00a0\u00bb button_two_text_color__hover_enabled=\u00a0\u00bboff\u00a0\u00bb button_one_border_width__hover_enabled=\u00a0\u00bboff\u00a0\u00bb button_two_border_width__hover_enabled=\u00a0\u00bboff\u00a0\u00bb button_one_border_color__hover_enabled=\u00a0\u00bboff\u00a0\u00bb button_two_border_color__hover_enabled=\u00a0\u00bboff\u00a0\u00bb button_one_border_radius__hover_enabled=\u00a0\u00bboff\u00a0\u00bb button_two_border_radius__hover_enabled=\u00a0\u00bboff\u00a0\u00bb button_one_letter_spacing__hover_enabled=\u00a0\u00bboff\u00a0\u00bb button_two_letter_spacing__hover_enabled=\u00a0\u00bboff\u00a0\u00bb button_one_bg_color__hover_enabled=\u00a0\u00bboff\u00a0\u00bb button_two_bg_color__hover_enabled=\u00a0\u00bboff\u00a0\u00bb subhead__hover_enabled=\u00a0\u00bbon|desktop\u00a0\u00bb title_text_color__hover_enabled=\u00a0\u00bbon|hover\u00a0\u00bb subhead__hover=\u00a0\u00bbExternaliser la partie automatisation de test et test manuel offre plusieurs avantages aux entreprises, notamment\u00a0\u00bb sticky_enabled=\u00a0\u00bb0&Prime;][\/et_pb_fullwidth_header][\/et_pb_section][et_pb_section fb_built=\u00a0\u00bb1&Prime; _builder_version=\u00a0\u00bb4.27.4&Prime; hover_enabled=\u00a0\u00bb0&Prime; global_colors_info=\u00a0\u00bb{}\u00a0\u00bb background_enable_color=\u00a0\u00bboff\u00a0\u00bb sticky_enabled=\u00a0\u00bb0&Prime;][et_pb_row column_structure=\u00a0\u00bb1_3,1_3,1_3&Prime; _builder_version=\u00a0\u00bb4.16&Prime; background_size=\u00a0\u00bbinitial\u00a0\u00bb background_position=\u00a0\u00bbtop_left\u00a0\u00bb background_repeat=\u00a0\u00bbrepeat\u00a0\u00bb global_colors_info=\u00a0\u00bb{}\u00a0\u00bb][et_pb_column type=\u00a0\u00bb1_3&Prime; _builder_version=\u00a0\u00bb4.16&Prime; custom_padding=\u00a0\u00bb|||\u00a0\u00bb global_colors_info=\u00a0\u00bb{}\u00a0\u00bb custom_padding__hover=\u00a0\u00bb|||\u00a0\u00bb][et_pb_text _builder_version=\u00a0\u00bb4.27.4&Prime; background_size=\u00a0\u00bbinitial\u00a0\u00bb background_position=\u00a0\u00bbtop_left\u00a0\u00bb background_repeat=\u00a0\u00bbrepeat\u00a0\u00bb hover_enabled=\u00a0\u00bb0&Prime; global_colors_info=\u00a0\u00bb{}\u00a0\u00bb border_radii=\u00a0\u00bbon|20px|20px|20px|20px\u00a0\u00bb sticky_enabled=\u00a0\u00bb0&Prime; custom_margin=\u00a0\u00bb12px|12px|12px|12px|false|false\u00a0\u00bb custom_padding=\u00a0\u00bb12px|12px|12px|12px|false|false\u00a0\u00bb background_color=\u00a0\u00bb#f5f7fa\u00a0\u00bb content__hover_enabled=\u00a0\u00bbon|hover\u00a0\u00bb animation_style=\u00a0\u00bbzoom\u00a0\u00bb animation_duration=\u00a0\u00bb1950ms\u00a0\u00bb animation_intensity_zoom=\u00a0\u00bb88%\u00a0\u00bb content__hover=\u00a0\u00bb<\/p>\n<h3><strong>Expertise sp\u00e9cialis\u00e9e <\/strong><\/h3>\n<p>Les entreprises sp\u00e9cialis\u00e9es dans les services de tests apportent une expertise sp\u00e9cifique dans le domaine de l&rsquo;automatisation et des tests manuels. Elles sont souvent mieux \u00e9quip\u00e9es pour relever les d\u00e9fis sp\u00e9cifiques li\u00e9s aux tests logiciels.<\/p>\n<p>\u00ab\u00a0]<\/p>\n<h3><strong>Expertise sp\u00e9cialis\u00e9e <\/strong><\/h3>\n<p>Les entreprises sp\u00e9cialis\u00e9es dans les services de tests apportent une expertise sp\u00e9cifique dans le domaine de l&rsquo;automatisation et des tests manuels. Elles sont souvent mieux \u00e9quip\u00e9es pour relever les d\u00e9fis sp\u00e9cifiques li\u00e9s aux tests logiciels.<\/p>\n<p>[\/et_pb_text][\/et_pb_column][et_pb_column type=\u00a0\u00bb1_3&Prime; _builder_version=\u00a0\u00bb4.16&Prime; custom_padding=\u00a0\u00bb|||\u00a0\u00bb global_colors_info=\u00a0\u00bb{}\u00a0\u00bb custom_padding__hover=\u00a0\u00bb|||\u00a0\u00bb][et_pb_text _builder_version=\u00a0\u00bb4.27.4&Prime; global_colors_info=\u00a0\u00bb{}\u00a0\u00bb background_size=\u00a0\u00bbinitial\u00a0\u00bb background_position=\u00a0\u00bbtop_left\u00a0\u00bb background_repeat=\u00a0\u00bbrepeat\u00a0\u00bb border_radii=\u00a0\u00bbon|20px|20px|20px|20px\u00a0\u00bb custom_margin=\u00a0\u00bb12px|12px|12px|12px|false|false\u00a0\u00bb custom_padding=\u00a0\u00bb12px|12px|12px|12px|false|false\u00a0\u00bb background_color=\u00a0\u00bb#f5f7fa\u00a0\u00bb animation_style=\u00a0\u00bbzoom\u00a0\u00bb animation_duration=\u00a0\u00bb1950ms\u00a0\u00bb animation_intensity_zoom=\u00a0\u00bb88%\u00a0\u00bb]<\/p>\n<h3><strong>Gain de temps<\/strong><\/h3>\n<p>Les entreprises de services de tests ont l&rsquo;exp\u00e9rience n\u00e9cessaire pour mettre en place rapidement des processus de tests efficaces. Cela permet d&rsquo;acc\u00e9l\u00e9rer le cycle de d\u00e9veloppement en r\u00e9duisant le temps n\u00e9cessaire aux activit\u00e9s de tests.<\/p>\n<p>[\/et_pb_text][\/et_pb_column][et_pb_column type=\u00a0\u00bb1_3&Prime; _builder_version=\u00a0\u00bb4.16&Prime; custom_padding=\u00a0\u00bb|||\u00a0\u00bb global_colors_info=\u00a0\u00bb{}\u00a0\u00bb custom_padding__hover=\u00a0\u00bb|||\u00a0\u00bb][et_pb_text _builder_version=\u00a0\u00bb4.27.4&Prime; _module_preset=\u00a0\u00bbdefault\u00a0\u00bb global_colors_info=\u00a0\u00bb{}\u00a0\u00bb background_size=\u00a0\u00bbinitial\u00a0\u00bb background_position=\u00a0\u00bbtop_left\u00a0\u00bb background_repeat=\u00a0\u00bbrepeat\u00a0\u00bb border_radii=\u00a0\u00bbon|20px|20px|20px|20px\u00a0\u00bb custom_margin=\u00a0\u00bb12px|12px|12px|12px|false|false\u00a0\u00bb custom_padding=\u00a0\u00bb12px|12px|12px|12px|false|false\u00a0\u00bb background_color=\u00a0\u00bb#f5f7fa\u00a0\u00bb animation_style=\u00a0\u00bbzoom\u00a0\u00bb animation_duration=\u00a0\u00bb1950ms\u00a0\u00bb animation_intensity_zoom=\u00a0\u00bb88%\u00a0\u00bb]<\/p>\n<h3><strong>Concentration sur le c\u0153ur de m\u00e9tier<\/strong><\/h3>\n<p>Externaliser les tests permet aux entreprises de se concentrer davantage sur leur c\u0153ur de m\u00e9tier, en laissant les aspects techniques et complexes des tests entre les mains d&rsquo;experts.<\/p>\n<p>[\/et_pb_text][\/et_pb_column][\/et_pb_row][et_pb_row column_structure=\u00a0\u00bb1_3,1_3,1_3&Prime; _builder_version=\u00a0\u00bb4.16&Prime; background_size=\u00a0\u00bbinitial\u00a0\u00bb background_position=\u00a0\u00bbtop_left\u00a0\u00bb background_repeat=\u00a0\u00bbrepeat\u00a0\u00bb global_colors_info=\u00a0\u00bb{}\u00a0\u00bb][et_pb_column type=\u00a0\u00bb1_3&Prime; _builder_version=\u00a0\u00bb4.16&Prime; custom_padding=\u00a0\u00bb|||\u00a0\u00bb global_colors_info=\u00a0\u00bb{}\u00a0\u00bb custom_padding__hover=\u00a0\u00bb|||\u00a0\u00bb][et_pb_text _builder_version=\u00a0\u00bb4.27.4&Prime; global_colors_info=\u00a0\u00bb{}\u00a0\u00bb background_size=\u00a0\u00bbinitial\u00a0\u00bb background_position=\u00a0\u00bbtop_left\u00a0\u00bb background_repeat=\u00a0\u00bbrepeat\u00a0\u00bb border_radii=\u00a0\u00bbon|20px|20px|20px|20px\u00a0\u00bb custom_margin=\u00a0\u00bb12px|12px|12px|12px|false|false\u00a0\u00bb custom_padding=\u00a0\u00bb12px|12px|12px|12px|false|false\u00a0\u00bb background_color=\u00a0\u00bb#f5f7fa\u00a0\u00bb animation_style=\u00a0\u00bbzoom\u00a0\u00bb animation_duration=\u00a0\u00bb1950ms\u00a0\u00bb animation_intensity_zoom=\u00a0\u00bb88%\u00a0\u00bb]<\/p>\n<h3><strong>Flexibilit\u00e9 et \u00e9volutivit\u00e9<strong><\/strong><\/strong><\/h3>\n<p>Les entreprises de services de tests peuvent s&rsquo;adapter rapidement \u00e0 l&rsquo;\u00e9volution des besoins en ressources. Que ce soit pour augmenter ou r\u00e9duire la taille de l&rsquo;\u00e9quipe en fonction du projet, l&rsquo;externalisation offre une flexibilit\u00e9 pr\u00e9cieuse<\/p>\n<p>[\/et_pb_text][\/et_pb_column][et_pb_column type=\u00a0\u00bb1_3&Prime; _builder_version=\u00a0\u00bb4.16&Prime; custom_padding=\u00a0\u00bb|||\u00a0\u00bb global_colors_info=\u00a0\u00bb{}\u00a0\u00bb custom_padding__hover=\u00a0\u00bb|||\u00a0\u00bb][et_pb_text _builder_version=\u00a0\u00bb4.27.4&Prime; global_colors_info=\u00a0\u00bb{}\u00a0\u00bb sticky_enabled=\u00a0\u00bb0&Prime; background_size=\u00a0\u00bbinitial\u00a0\u00bb background_position=\u00a0\u00bbtop_left\u00a0\u00bb background_repeat=\u00a0\u00bbrepeat\u00a0\u00bb border_radii=\u00a0\u00bbon|20px|20px|20px|20px\u00a0\u00bb custom_margin=\u00a0\u00bb12px|12px|12px|12px|false|false\u00a0\u00bb custom_padding=\u00a0\u00bb12px|12px|12px|12px|false|false\u00a0\u00bb background_color=\u00a0\u00bb#f5f7fa\u00a0\u00bb animation_style=\u00a0\u00bbzoom\u00a0\u00bb animation_duration=\u00a0\u00bb1950ms\u00a0\u00bb animation_intensity_zoom=\u00a0\u00bb88%\u00a0\u00bb hover_enabled=\u00a0\u00bb0&Prime;]<\/p>\n<h3><strong>Meilleure gestion des p\u00e9riodes de pointe<\/strong><\/h3>\n<p>Pendant les phases de d\u00e9veloppement intensif ou les lancements de produits, les entreprises peuvent externaliser les tests pour g\u00e9rer efficacement les pics de charge sans surcharger leur \u00e9quipe interne.<\/p>\n<p>[\/et_pb_text][\/et_pb_column][et_pb_column type=\u00a0\u00bb1_3&Prime; _builder_version=\u00a0\u00bb4.16&Prime; custom_padding=\u00a0\u00bb|||\u00a0\u00bb global_colors_info=\u00a0\u00bb{}\u00a0\u00bb custom_padding__hover=\u00a0\u00bb|||\u00a0\u00bb][et_pb_text _builder_version=\u00a0\u00bb4.27.4&Prime; global_colors_info=\u00a0\u00bb{}\u00a0\u00bb background_size=\u00a0\u00bbinitial\u00a0\u00bb background_position=\u00a0\u00bbtop_left\u00a0\u00bb background_repeat=\u00a0\u00bbrepeat\u00a0\u00bb border_radii=\u00a0\u00bbon|20px|20px|20px|20px\u00a0\u00bb custom_margin=\u00a0\u00bb12px|12px|12px|12px|false|false\u00a0\u00bb custom_padding=\u00a0\u00bb12px|12px|12px|12px|false|false\u00a0\u00bb background_color=\u00a0\u00bb#f5f7fa\u00a0\u00bb animation_style=\u00a0\u00bbzoom\u00a0\u00bb animation_duration=\u00a0\u00bb1950ms\u00a0\u00bb animation_intensity_zoom=\u00a0\u00bb88%\u00a0\u00bb]<\/p>\n<h3><strong>R\u00e9duction des co\u00fbts<\/strong><\/h3>\n<p>Externaliser les tests peut r\u00e9duire les co\u00fbts li\u00e9s \u00e0 l&#8217;embauche et \u00e0 la formation du personnel interne. Les entreprises de services de tests peuvent offrir des mod\u00e8les de tarification flexibles, adapt\u00e9s aux besoins sp\u00e9cifiques du projet.<\/p>\n<p>[\/et_pb_text][\/et_pb_column][\/et_pb_row][et_pb_row column_structure=\u00a0\u00bb1_3,1_3,1_3&Prime; _builder_version=\u00a0\u00bb4.16&Prime; background_size=\u00a0\u00bbinitial\u00a0\u00bb background_position=\u00a0\u00bbtop_left\u00a0\u00bb background_repeat=\u00a0\u00bbrepeat\u00a0\u00bb global_colors_info=\u00a0\u00bb{}\u00a0\u00bb][et_pb_column type=\u00a0\u00bb1_3&Prime; _builder_version=\u00a0\u00bb4.16&Prime; custom_padding=\u00a0\u00bb|||\u00a0\u00bb global_colors_info=\u00a0\u00bb{}\u00a0\u00bb custom_padding__hover=\u00a0\u00bb|||\u00a0\u00bb][et_pb_text _builder_version=\u00a0\u00bb4.27.4&Prime; global_colors_info=\u00a0\u00bb{}\u00a0\u00bb background_size=\u00a0\u00bbinitial\u00a0\u00bb background_position=\u00a0\u00bbtop_left\u00a0\u00bb background_repeat=\u00a0\u00bbrepeat\u00a0\u00bb border_radii=\u00a0\u00bbon|20px|20px|20px|20px\u00a0\u00bb custom_margin=\u00a0\u00bb12px|12px|12px|12px|false|false\u00a0\u00bb custom_padding=\u00a0\u00bb12px|12px|12px|12px|false|false\u00a0\u00bb background_color=\u00a0\u00bb#f5f7fa\u00a0\u00bb animation_style=\u00a0\u00bbzoom\u00a0\u00bb animation_duration=\u00a0\u00bb1950ms\u00a0\u00bb animation_intensity_zoom=\u00a0\u00bb88%\u00a0\u00bb]<\/p>\n<h3><strong>\u00c9valuation objectif<\/strong><\/h3>\n<p>Les entreprises de services de tests peuvent s&rsquo;adapter rapidement \u00e0 l&rsquo;\u00e9volution des besoins en ressources. Que ce soit pour augmenter ou r\u00e9duire la taille de l&rsquo;\u00e9quipe en fonction du projet, l&rsquo;externalisation offre une flexibilit\u00e9 pr\u00e9cieuse<\/p>\n<p>[\/et_pb_text][\/et_pb_column][et_pb_column type=\u00a0\u00bb1_3&Prime; _builder_version=\u00a0\u00bb4.16&Prime; custom_padding=\u00a0\u00bb|||\u00a0\u00bb global_colors_info=\u00a0\u00bb{}\u00a0\u00bb custom_padding__hover=\u00a0\u00bb|||\u00a0\u00bb][et_pb_text _builder_version=\u00a0\u00bb4.27.4&Prime; global_colors_info=\u00a0\u00bb{}\u00a0\u00bb background_size=\u00a0\u00bbinitial\u00a0\u00bb background_position=\u00a0\u00bbtop_left\u00a0\u00bb background_repeat=\u00a0\u00bbrepeat\u00a0\u00bb border_radii=\u00a0\u00bbon|20px|20px|20px|20px\u00a0\u00bb custom_margin=\u00a0\u00bb12px|12px|12px|12px|false|false\u00a0\u00bb custom_padding=\u00a0\u00bb12px|12px|12px|12px|false|false\u00a0\u00bb background_color=\u00a0\u00bb#f5f7fa\u00a0\u00bb animation_style=\u00a0\u00bbzoom\u00a0\u00bb animation_duration=\u00a0\u00bb1950ms\u00a0\u00bb animation_intensity_zoom=\u00a0\u00bb88%\u00a0\u00bb hover_enabled=\u00a0\u00bb0&Prime; sticky_enabled=\u00a0\u00bb0&Prime;]<\/p>\n<h3><strong>Am\u00e9lioration de la qualit\u00e9<\/strong><\/h3>\n<p><span style=\"font-weight: 400;\">Gr\u00e2ce \u00e0 leur expertise et \u00e0 leur exp\u00e9rience, les entreprises de services de tests peuvent contribuer \u00e0 am\u00e9liorer la qualit\u00e9 globale du logiciel en identifiant et en corrigeant les probl\u00e8mes de mani\u00e8re proactive.<\/span><\/p>\n<p><span style=\"font-weight: 400;\"><\/span><\/p>\n<p><span style=\"font-weight: 400;\"><\/span><\/p>\n<p><span style=\"font-weight: 400;\"><\/span><\/p>\n<p>[\/et_pb_text][\/et_pb_column][et_pb_column type=\u00a0\u00bb1_3&Prime; _builder_version=\u00a0\u00bb4.16&Prime; custom_padding=\u00a0\u00bb|||\u00a0\u00bb global_colors_info=\u00a0\u00bb{}\u00a0\u00bb custom_padding__hover=\u00a0\u00bb|||\u00a0\u00bb][et_pb_text _builder_version=\u00a0\u00bb4.27.4&Prime; global_colors_info=\u00a0\u00bb{}\u00a0\u00bb background_size=\u00a0\u00bbinitial\u00a0\u00bb background_position=\u00a0\u00bbtop_left\u00a0\u00bb background_repeat=\u00a0\u00bbrepeat\u00a0\u00bb border_radii=\u00a0\u00bbon|20px|20px|20px|20px\u00a0\u00bb custom_margin=\u00a0\u00bb12px|12px|12px|12px|false|false\u00a0\u00bb custom_padding=\u00a0\u00bb12px|12px|12px|12px|false|false\u00a0\u00bb background_color=\u00a0\u00bb#f5f7fa\u00a0\u00bb animation_style=\u00a0\u00bbzoom\u00a0\u00bb animation_duration=\u00a0\u00bb1950ms\u00a0\u00bb animation_intensity_zoom=\u00a0\u00bb88%\u00a0\u00bb hover_enabled=\u00a0\u00bb0&Prime; sticky_enabled=\u00a0\u00bb0&Prime;]<\/p>\n<h3><strong>Gestion des risques<\/strong><\/h3>\n<p><span style=\"font-weight: 400;\">Externaliser les tests permet de partager les risques li\u00e9s \u00e0 la qualit\u00e9 du logiciel. Les entreprises de services de tests sont souvent mieux \u00e9quip\u00e9es pour g\u00e9rer les risques li\u00e9s aux tests et pour mettre en place des strat\u00e9gies d&rsquo;att\u00e9nuation<\/span>.<\/p>\n<p>[\/et_pb_text][\/et_pb_column][\/et_pb_row][et_pb_row column_structure=\u00a0\u00bb1_3,1_3,1_3&Prime; _builder_version=\u00a0\u00bb4.16&Prime; background_size=\u00a0\u00bbinitial\u00a0\u00bb background_position=\u00a0\u00bbtop_left\u00a0\u00bb background_repeat=\u00a0\u00bbrepeat\u00a0\u00bb global_colors_info=\u00a0\u00bb{}\u00a0\u00bb][et_pb_column type=\u00a0\u00bb1_3&Prime; _builder_version=\u00a0\u00bb4.16&Prime; custom_padding=\u00a0\u00bb|||\u00a0\u00bb global_colors_info=\u00a0\u00bb{}\u00a0\u00bb custom_padding__hover=\u00a0\u00bb|||\u00a0\u00bb][et_pb_text _builder_version=\u00a0\u00bb4.27.4&Prime; global_colors_info=\u00a0\u00bb{}\u00a0\u00bb background_size=\u00a0\u00bbinitial\u00a0\u00bb background_position=\u00a0\u00bbtop_left\u00a0\u00bb background_repeat=\u00a0\u00bbrepeat\u00a0\u00bb border_radii=\u00a0\u00bbon|20px|20px|20px|20px\u00a0\u00bb custom_margin=\u00a0\u00bb12px|12px|12px|12px|false|false\u00a0\u00bb custom_padding=\u00a0\u00bb12px|12px|12px|12px|false|false\u00a0\u00bb background_color=\u00a0\u00bb#f5f7fa\u00a0\u00bb animation_style=\u00a0\u00bbzoom\u00a0\u00bb animation_duration=\u00a0\u00bb1950ms\u00a0\u00bb animation_intensity_zoom=\u00a0\u00bb88%\u00a0\u00bb]<\/p>\n<h3><strong>Gestion de la charge de travail variable<\/strong><\/h3>\n<p><span style=\"font-weight: 400;\">\u00a0L&rsquo;externalisation permet de g\u00e9rer efficacement la charge de travail variable associ\u00e9e \u00e0 diff\u00e9rents cycles de d\u00e9veloppement. Cela \u00e9vite \u00e0 l&rsquo;entreprise d&rsquo;avoir \u00e0 recruter et \u00e0 former du personnel pour des p\u00e9riodes de pointe temporaires.<\/span><\/p>\n<p>[\/et_pb_text][\/et_pb_column][et_pb_column type=\u00a0\u00bb1_3&Prime; _builder_version=\u00a0\u00bb4.16&Prime; custom_padding=\u00a0\u00bb|||\u00a0\u00bb global_colors_info=\u00a0\u00bb{}\u00a0\u00bb custom_padding__hover=\u00a0\u00bb|||\u00a0\u00bb][et_pb_text _builder_version=\u00a0\u00bb4.27.4&Prime; global_colors_info=\u00a0\u00bb{}\u00a0\u00bb background_size=\u00a0\u00bbinitial\u00a0\u00bb background_position=\u00a0\u00bbtop_left\u00a0\u00bb background_repeat=\u00a0\u00bbrepeat\u00a0\u00bb border_radii=\u00a0\u00bbon|20px|20px|20px|20px\u00a0\u00bb custom_margin=\u00a0\u00bb12px|12px|12px|12px|false|false\u00a0\u00bb custom_padding=\u00a0\u00bb12px|12px|12px|12px|false|false\u00a0\u00bb background_color=\u00a0\u00bb#f5f7fa\u00a0\u00bb animation_style=\u00a0\u00bbzoom\u00a0\u00bb animation_duration=\u00a0\u00bb1950ms\u00a0\u00bb animation_intensity_zoom=\u00a0\u00bb88%\u00a0\u00bb hover_enabled=\u00a0\u00bb0&Prime; sticky_enabled=\u00a0\u00bb0&Prime;]<\/p>\n<h3><strong>Meilleure gestion des bugs et des corrections<\/strong><\/h3>\n<p><span style=\"font-weight: 400;\">Des \u00e9quipes externes peuvent offrir un processus efficace de gestion des bugs, de suivi et de r\u00e9solution, garantissant que les probl\u00e8mes sont identifi\u00e9s rapidement et corrig\u00e9s de mani\u00e8re efficace.\u00a0 \u00a0 \u00a0 \u00a0 \u00a0 \u00a0 \u00a0 \u00a0 \u00a0 \u00a0 \u00a0 \u00a0 \u00a0 \u00a0 \u00a0\u00a0<\/span><\/p>\n<p>[\/et_pb_text][\/et_pb_column][et_pb_column type=\u00a0\u00bb1_3&Prime; _builder_version=\u00a0\u00bb4.16&Prime; custom_padding=\u00a0\u00bb|||\u00a0\u00bb global_colors_info=\u00a0\u00bb{}\u00a0\u00bb custom_padding__hover=\u00a0\u00bb|||\u00a0\u00bb][et_pb_text _builder_version=\u00a0\u00bb4.27.4&Prime; global_colors_info=\u00a0\u00bb{}\u00a0\u00bb background_size=\u00a0\u00bbinitial\u00a0\u00bb background_position=\u00a0\u00bbtop_left\u00a0\u00bb background_repeat=\u00a0\u00bbrepeat\u00a0\u00bb border_radii=\u00a0\u00bbon|20px|20px|20px|20px\u00a0\u00bb custom_margin=\u00a0\u00bb12px|12px|12px|12px|false|false\u00a0\u00bb custom_padding=\u00a0\u00bb12px|12px|12px|12px|false|false\u00a0\u00bb background_color=\u00a0\u00bb#f5f7fa\u00a0\u00bb animation_style=\u00a0\u00bbzoom\u00a0\u00bb animation_duration=\u00a0\u00bb1950ms\u00a0\u00bb animation_intensity_zoom=\u00a0\u00bb88%\u00a0\u00bb hover_enabled=\u00a0\u00bb0&Prime; sticky_enabled=\u00a0\u00bb0&Prime;]<\/p>\n<h3><strong>\u00c9viter les conflits d&rsquo;int\u00e9r\u00eats<\/strong><\/h3>\n<p><span style=\"font-weight: 400;\">Une \u00e9quipe de tests externes peut apporter un regard impartial et objectif sur le logiciel, \u00e9vitant les conflits d&rsquo;int\u00e9r\u00eats potentiels qui pourraient survenir avec une \u00e9quipe interne.\u00a0 \u00a0 \u00a0 \u00a0 \u00a0 \u00a0 \u00a0 \u00a0 \u00a0 \u00a0 \u00a0 \u00a0 \u00a0 \u00a0 \u00a0 \u00a0 \u00a0 \u00a0 \u00a0 \u00a0 \u00a0 \u00a0 \u00a0 \u00a0 \u00a0 \u00a0 \u00a0 \u00a0 \u00a0 \u00a0 \u00a0 \u00a0 \u00a0 \u00a0 \u00a0 \u00a0 \u00a0 \u00a0 \u00a0 \u00a0 \u00a0 \u00a0 \u00a0 \u00a0 \u00a0 \u00a0 \u00a0 \u00a0 \u00a0 \u00a0 \u00a0 \u00a0 \u00a0 \u00a0 \u00a0 \u00a0 \u00a0 \u00a0 \u00a0 \u00a0 \u00a0 \u00a0 \u00a0 \u00a0 \u00a0\u00a0<\/span><\/p>\n<p>[\/et_pb_text][\/et_pb_column][\/et_pb_row][\/et_pb_section]<\/p>\n","protected":false},"excerpt":{"rendered":"<p>Expertise sp\u00e9cialis\u00e9e Les entreprises sp\u00e9cialis\u00e9es dans les services de tests apportent une expertise sp\u00e9cifique dans le domaine de l&rsquo;automatisation et des tests manuels. Elles sont souvent mieux \u00e9quip\u00e9es pour relever les d\u00e9fis sp\u00e9cifiques li\u00e9s aux tests logiciels.Gain de temps Les entreprises de services de tests ont l&rsquo;exp\u00e9rience n\u00e9cessaire pour mettre en place rapidement des processus [&hellip;]<\/p>\n","protected":false},"author":1,"featured_media":0,"parent":0,"menu_order":0,"comment_status":"closed","ping_status":"closed","template":"","meta":{"_et_pb_use_builder":"on","_et_pb_old_content":"","_et_gb_content_width":"","footnotes":""},"class_list":["post-114","page","type-page","status-publish","hentry"],"_links":{"self":[{"href":"https:\/\/www.metacheckengineering.com\/index.php\/wp-json\/wp\/v2\/pages\/114","targetHints":{"allow":["GET"]}}],"collection":[{"href":"https:\/\/www.metacheckengineering.com\/index.php\/wp-json\/wp\/v2\/pages"}],"about":[{"href":"https:\/\/www.metacheckengineering.com\/index.php\/wp-json\/wp\/v2\/types\/page"}],"author":[{"embeddable":true,"href":"https:\/\/www.metacheckengineering.com\/index.php\/wp-json\/wp\/v2\/users\/1"}],"replies":[{"embeddable":true,"href":"https:\/\/www.metacheckengineering.com\/index.php\/wp-json\/wp\/v2\/comments?post=114"}],"version-history":[{"count":17,"href":"https:\/\/www.metacheckengineering.com\/index.php\/wp-json\/wp\/v2\/pages\/114\/revisions"}],"predecessor-version":[{"id":263,"href":"https:\/\/www.metacheckengineering.com\/index.php\/wp-json\/wp\/v2\/pages\/114\/revisions\/263"}],"wp:attachment":[{"href":"https:\/\/www.metacheckengineering.com\/index.php\/wp-json\/wp\/v2\/media?parent=114"}],"curies":[{"name":"wp","href":"https:\/\/api.w.org\/{rel}","templated":true}]}}